{"id":3510,"date":"2022-10-24T02:25:08","date_gmt":"2022-10-24T02:25:08","guid":{"rendered":"https:\/\/robeto.novaworks.net\/?page_id=3510"},"modified":"2025-12-03T12:19:38","modified_gmt":"2025-12-03T12:19:38","slug":"anasayfa","status":"publish","type":"page","link":"https:\/\/www.fatihzeyrek.com\/tr\/","title":{"rendered":"Anasayfa"},"content":{"rendered":"\t\t<div data-elementor-type=\"wp-page\" data-elementor-id=\"3510\" class=\"elementor elementor-3510\">\n\t\t\t\t<div class=\"elementor-element elementor-element-4fe2360 e-con-full elementor-hidden-mobile_extra elementor-hidden-mobile e-flex kitify-col-width-auto-no ignore-docs-style-no kitify-disable-relative-no e-root-container elementor-top-section e-con e-parent\" data-id=\"4fe2360\" data-element_type=\"container\" data-settings=\"{&quot;background_background&quot;:&quot;video&quot;,&quot;background_video_link&quot;:&quot;https:\\\/\\\/www.fatihzeyrek.com\\\/wp-content\\\/uploads\\\/2025\\\/11\\\/fz-desktop.mp4&quot;,&quot;background_privacy_mode&quot;:&quot;yes&quot;,&quot;background_play_on_mobile&quot;:&quot;yes&quot;}\">\n\t\t<div class=\"elementor-background-video-container\" aria-hidden=\"true\">\n\t\t\t\t\t\t\t<video class=\"elementor-background-video-hosted\" autoplay muted playsinline loop><\/video>\n\t\t\t\t\t<\/div>\t\t<\/div>\n\t\t<div class=\"elementor-element elementor-element-1bb7e08 e-con-full elementor-hidden-desktop elementor-hidden-laptop elementor-hidden-tablet e-flex kitify-col-width-auto-no ignore-docs-style-no kitify-disable-relative-no e-root-container elementor-top-section e-con e-parent\" data-id=\"1bb7e08\" data-element_type=\"container\" data-settings=\"{&quot;background_background&quot;:&quot;video&quot;,&quot;background_video_link&quot;:&quot;https:\\\/\\\/www.fatihzeyrek.com\\\/wp-content\\\/uploads\\\/2025\\\/11\\\/fz-mobil.mp4&quot;,&quot;background_play_on_mobile&quot;:&quot;yes&quot;,&quot;background_privacy_mode&quot;:&quot;yes&quot;}\">\n\t\t<div class=\"elementor-background-video-container\" aria-hidden=\"true\">\n\t\t\t\t\t\t\t<video class=\"elementor-background-video-hosted\" autoplay muted playsinline loop><\/video>\n\t\t\t\t\t<\/div>\t\t<\/div>\n\t\t<div data-kitify-element-link=\"{&quot;url&quot;:&quot;https:\\\/\\\/www.fatihzeyrek.com\\\/koleksiyon\\\/&quot;,&quot;is_external&quot;:&quot;&quot;,&quot;nofollow&quot;:&quot;&quot;,&quot;custom_attributes&quot;:&quot;&quot;}\" style=\"cursor: pointer\" class=\"elementor-element elementor-element-b7e169c e-con-full e-flex kitify-col-width-auto-no ignore-docs-style-no kitify-disable-relative-no e-root-container elementor-top-section e-con e-parent\" data-id=\"b7e169c\" data-element_type=\"container\" data-settings=\"{&quot;background_background&quot;:&quot;classic&quot;}\">\n\t\t\t\t<div class=\"elementor-element elementor-element-166d0e4 elementor-widget elementor-widget-html\" data-id=\"166d0e4\" data-element_type=\"widget\" data-widget_type=\"html.default\">\n\t\t\t\t<div class=\"elementor-widget-container\">\n\t\t\t\t\t<link rel=\"preconnect\" href=\"https:\/\/fonts.googleapis.com\">\n<link rel=\"preconnect\" href=\"https:\/\/fonts.gstatic.com\" crossorigin>\n<link href=\"https:\/\/fonts.googleapis.com\/css2?family=Amaranth:ital,wght@0,400;0,700;1,400;1,700&family=Lora:ital,wght@0,400..700;1,400..700&display=swap\" rel=\"stylesheet\">\n\n<style>\n    \/* Sadece bu sayfadaki body'i etkile *\/\n    body.koleksiyon-body {\n      background-color: #000;\n      color: #fff;\n      font-family: 'Georgia', serif;\n      display: flex;\n      justify-content: center;\n      align-items: center;\n      min-height: 100vh;\n      margin: 0;\n      padding: 20px;\n    }\n.konteynir\n {\n    max-width: 800px;\n    width: 100%;\n    text-align: center;\n    padding: 30px;\n    box-sizing: border-box;\n    font-family: serif;\n}\n.konteynir .koleksiyon-link {\n      text-decoration: none;\n      color: inherit;\n      display: inline-block;\n      transition: transform 0.3s ease;\n    }\n.konteynir .koleksiyon-kutu {\n    display: inline-block;\n    padding: 15px 15px;\n    border: 6px solid #c8b69e;\n    font-size: 35px;\n    letter-spacing: 2px;\n    margin-bottom: 10px;\n    color: #fff;\n    transition: all 0.3s \nease;\n}\n\n.konteynir .koleksiyon-link:hover .koleksiyon-kutu {\n      transform: scale(1.05);\n      border-color: #e8d5b5;\n    }\n.konteynir .koleksiyon-link:hover ~ .yil,\n    .konteynir .koleksiyon-link:hover ~ .mevsim {\n      transform: scale(1.05);\n    }\n.konteynir .yil {\n      font-size: 18px;\n      letter-spacing: 6px;\n      margin-top: 10px;\n      color: #fff;\n      transition: transform 0.3s ease;\n    }\n.konteynir .mevsim {\n      font-size: 24px;\n      letter-spacing: 10px;\n      margin-top: 5px;\n      color: #fff;\n      transition: transform 0.3s ease;\n    }    \n<\/style>\t\t\t\t<\/div>\n\t\t\t\t<\/div>\n\t\t\t\t<div class=\"elementor-element elementor-element-998cca2 elementor-widget elementor-widget-text-editor\" data-id=\"998cca2\" data-element_type=\"widget\" data-widget_type=\"text-editor.default\">\n\t\t\t\t<div class=\"elementor-widget-container\">\n\t\t\t\t\t\t\t\t\t<div class=\"konteynir\"><div class=\"koleksiyon-kutu\">KOLEKS\u0130YON<\/div><div class=\"yil\">2025\/26<\/div><div class=\"mevsim\">SONBAHAR KI\u015e<\/div><\/div>\t\t\t\t\t\t\t\t<\/div>\n\t\t\t\t<\/div>\n\t\t\t\t<\/div>\n\t\t<div class=\"elementor-element elementor-element-6f388f5 e-flex e-con-boxed kitify-col-width-auto-no ignore-docs-style-no kitify-disable-relative-no elementor-invisible e-root-container elementor-top-section kitify-has-entrance-animation e-con e-parent\" data-id=\"6f388f5\" data-element_type=\"container\" data-settings=\"{&quot;animation&quot;:&quot;kitifyShortFadeInUp&quot;}\">\n\t\t\t\t\t<div class=\"e-con-inner\">\n\t\t<div class=\"elementor-element elementor-element-49259bf e-con-full e-flex kitify-col-width-auto-no ignore-docs-style-no kitify-disable-relative-no e-con e-child\" data-id=\"49259bf\" data-element_type=\"container\">\n\t\t\t\t<div class=\"elementor-element elementor-element-b840153 elementor-invisible kitify-has-entrance-animation elementor-widget elementor-widget-image\" data-id=\"b840153\" data-element_type=\"widget\" data-settings=\"{&quot;_animation&quot;:&quot;kitifyShortFadeInUp&quot;}\" data-widget_type=\"image.default\">\n\t\t\t\t<div class=\"elementor-widget-container\">\n\t\t\t\t\t\t\t\t\t\t\t\t\t\t\t\t<a href=\"\/magazalar\/\">\n\t\t\t\t\t\t\t<img loading=\"lazy\" decoding=\"async\" width=\"800\" height=\"664\" src=\"https:\/\/www.fatihzeyrek.com\/wp-content\/uploads\/2025\/06\/location_banner_002-1.jpg\" class=\"attachment-full size-full wp-image-4672\" alt=\"\" srcset=\"https:\/\/www.fatihzeyrek.com\/wp-content\/uploads\/2025\/06\/location_banner_002-1.jpg 800w, https:\/\/www.fatihzeyrek.com\/wp-content\/uploads\/2025\/06\/location_banner_002-1-300x249.jpg 300w, https:\/\/www.fatihzeyrek.com\/wp-content\/uploads\/2025\/06\/location_banner_002-1-768x637.jpg 768w, https:\/\/www.fatihzeyrek.com\/wp-content\/uploads\/2025\/06\/location_banner_002-1-14x12.jpg 14w, https:\/\/www.fatihzeyrek.com\/wp-content\/uploads\/2025\/06\/location_banner_002-1-200x166.jpg 200w\" sizes=\"auto, (max-width: 800px) 100vw, 800px\" \/>\t\t\t\t\t\t\t\t<\/a>\n\t\t\t\t\t\t\t\t\t\t\t\t\t\t\t<\/div>\n\t\t\t\t<\/div>\n\t\t\t\t<\/div>\n\t\t<div class=\"elementor-element elementor-element-7c6d9b1 e-con-full e-flex kitify-col-width-auto-no ignore-docs-style-no kitify-disable-relative-no e-con e-child\" data-id=\"7c6d9b1\" data-element_type=\"container\">\n\t\t\t\t<div class=\"elementor-element elementor-element-6870eb5 elementor-invisible kitify-has-entrance-animation elementor-widget elementor-widget-heading\" data-id=\"6870eb5\" data-element_type=\"widget\" data-settings=\"{&quot;_animation&quot;:&quot;kitifyShortFadeInUp&quot;,&quot;_animation_delay&quot;:400}\" data-widget_type=\"heading.default\">\n\t\t\t\t<div class=\"elementor-widget-container\">\n\t\t\t\t\t<h2 class=\"elementor-heading-title elementor-size-default\"><a href=\"\/magazalar\/\">Ma\u011fazalar<\/a><\/h2>\t\t\t\t<\/div>\n\t\t\t\t<\/div>\n\t\t\t\t<div class=\"elementor-element elementor-element-534b588 elementor-invisible kitify-has-entrance-animation elementor-widget elementor-widget-heading\" data-id=\"534b588\" data-element_type=\"widget\" data-settings=\"{&quot;_animation&quot;:&quot;kitifyShortFadeInUp&quot;,&quot;_animation_delay&quot;:500}\" data-widget_type=\"heading.default\">\n\t\t\t\t<div class=\"elementor-widget-container\">\n\t\t\t\t\t<p class=\"elementor-heading-title elementor-size-default\">\u00dcr\u00fcnlerimizi Fatih Zeyrek markas\u0131yla d\u00fcnyan\u0131n 40'tan fazla \u00fclkesine ihra\u00e7 ediyor ve m\u00fc\u015fterilerimize sunuyoruz.<\/p>\t\t\t\t<\/div>\n\t\t\t\t<\/div>\n\t\t\t\t<\/div>\n\t\t\t\t\t<\/div>\n\t\t\t\t<\/div>\n\t\t\t\t<\/div>\n\t\t","protected":false},"excerpt":{"rendered":"<p>KOLEKS\u0130YON2025\/26SONBAHAR KI\u015e Ma\u011fazalar \u00dcr\u00fcnlerimizi Fatih Zeyrek markas\u0131yla d\u00fcnyan\u0131n 40&#8217;tan fazla \u00fclkesine ihra\u00e7 ediyor ve m\u00fc\u015fterilerimize sunuyoruz.<\/p>\n","protected":false},"author":1,"featured_media":0,"parent":0,"menu_order":0,"comment_status":"closed","ping_status":"closed","template":"elementor_header_footer","meta":{"footnotes":""},"class_list":["post-3510","page","type-page","status-publish","hentry"],"_links":{"self":[{"href":"https:\/\/www.fatihzeyrek.com\/tr\/wp-json\/wp\/v2\/pages\/3510","targetHints":{"allow":["GET"]}}],"collection":[{"href":"https:\/\/www.fatihzeyrek.com\/tr\/wp-json\/wp\/v2\/pages"}],"about":[{"href":"https:\/\/www.fatihzeyrek.com\/tr\/wp-json\/wp\/v2\/types\/page"}],"author":[{"embeddable":true,"href":"https:\/\/www.fatihzeyrek.com\/tr\/wp-json\/wp\/v2\/users\/1"}],"replies":[{"embeddable":true,"href":"https:\/\/www.fatihzeyrek.com\/tr\/wp-json\/wp\/v2\/comments?post=3510"}],"version-history":[{"count":0,"href":"https:\/\/www.fatihzeyrek.com\/tr\/wp-json\/wp\/v2\/pages\/3510\/revisions"}],"wp:attachment":[{"href":"https:\/\/www.fatihzeyrek.com\/tr\/wp-json\/wp\/v2\/media?parent=3510"}],"curies":[{"name":"wp","href":"https:\/\/api.w.org\/{rel}","templated":true}]}}