{"id":63,"date":"2022-09-15T11:09:20","date_gmt":"2022-09-15T11:09:20","guid":{"rendered":"https:\/\/robeto.novaworks.net\/?page_id=63"},"modified":"2025-06-29T17:42:19","modified_gmt":"2025-06-29T17:42:19","slug":"iletisim","status":"publish","type":"page","link":"https:\/\/www.fatihzeyrek.com\/en\/iletisim\/","title":{"rendered":"Contact"},"content":{"rendered":"<div data-elementor-type=\"wp-page\" data-elementor-id=\"63\" class=\"elementor elementor-63\">\n\t\t\t\t<div class=\"elementor-element elementor-element-e93b4e8 e-flex e-con-boxed kitify-col-width-auto-no ignore-docs-style-no kitify-disable-relative-no e-root-container elementor-top-section e-con e-parent\" data-id=\"e93b4e8\" data-element_type=\"container\">\n\t\t\t\t\t<div class=\"e-con-inner\">\n\t\t<div class=\"elementor-element elementor-element-4f691f5 e-con-full e-flex kitify-col-width-auto-no ignore-docs-style-no kitify-disable-relative-no e-con e-child\" data-id=\"4f691f5\" data-element_type=\"container\">\n\t\t\t\t<div class=\"elementor-element elementor-element-e93ee76 elementor-widget elementor-widget-image\" data-id=\"e93ee76\" data-element_type=\"widget\" data-widget_type=\"image.default\">\n\t\t\t\t<div class=\"elementor-widget-container\">\n\t\t\t\t\t\t\t\t\t\t\t\t\t\t\t<img loading=\"lazy\" decoding=\"async\" width=\"1200\" height=\"1600\" src=\"https:\/\/www.fatihzeyrek.com\/wp-content\/uploads\/2025\/06\/WhatsApp-Gorsel-2025-06-29-saat-20.41.31_687b0967.jpg\" class=\"attachment-full size-full wp-image-4809\" alt=\"\" srcset=\"https:\/\/www.fatihzeyrek.com\/wp-content\/uploads\/2025\/06\/WhatsApp-Gorsel-2025-06-29-saat-20.41.31_687b0967.jpg 1200w, https:\/\/www.fatihzeyrek.com\/wp-content\/uploads\/2025\/06\/WhatsApp-Gorsel-2025-06-29-saat-20.41.31_687b0967-225x300.jpg 225w, https:\/\/www.fatihzeyrek.com\/wp-content\/uploads\/2025\/06\/WhatsApp-Gorsel-2025-06-29-saat-20.41.31_687b0967-768x1024.jpg 768w, https:\/\/www.fatihzeyrek.com\/wp-content\/uploads\/2025\/06\/WhatsApp-Gorsel-2025-06-29-saat-20.41.31_687b0967-1152x1536.jpg 1152w, https:\/\/www.fatihzeyrek.com\/wp-content\/uploads\/2025\/06\/WhatsApp-Gorsel-2025-06-29-saat-20.41.31_687b0967-9x12.jpg 9w, https:\/\/www.fatihzeyrek.com\/wp-content\/uploads\/2025\/06\/WhatsApp-Gorsel-2025-06-29-saat-20.41.31_687b0967-200x267.jpg 200w, https:\/\/www.fatihzeyrek.com\/wp-content\/uploads\/2025\/06\/WhatsApp-Gorsel-2025-06-29-saat-20.41.31_687b0967-1000x1333.jpg 1000w\" sizes=\"auto, (max-width: 1200px) 100vw, 1200px\" \/>\t\t\t\t\t\t\t\t\t\t\t\t\t\t\t<\/div>\n\t\t\t\t<\/div>\n\t\t\t\t<\/div>\n\t\t<div class=\"elementor-element elementor-element-952baa6 e-con-full e-flex kitify-col-width-auto-no ignore-docs-style-no kitify-disable-relative-no e-con e-child\" data-id=\"952baa6\" data-element_type=\"container\">\n\t\t\t\t<div class=\"elementor-element elementor-element-b58a7fb elementor-widget elementor-widget-text-editor\" data-id=\"b58a7fb\" data-element_type=\"widget\" data-widget_type=\"text-editor.default\">\n\t\t\t\t<div class=\"elementor-widget-container\">\n\t\t\t\t\t\t\t\t\t<h2 class=\"vc_custom_heading\">CONTACT US<\/h2><div class=\"dt-sc-contact-info\">Mehmet Nezih \u00d6zmen Mahallesi Nar Sokak No:16 Merter - G\u00fcng\u00f6ren - Istanbul\u00a0<\/div><div class=\"vc_empty_space\">\u00a0<\/div><div class=\"dt-sc-contact-info\">Tel: <a href=\"tel:+902126449842\">+90 212 644 98 42<\/a><\/div><div class=\"vc_empty_space\">\u00a0<\/div><div class=\"dt-sc-contact-info\">Fax: +90 212 539 13 63<\/div><div class=\"vc_empty_space\">\u00a0<\/div><div class=\"dt-sc-contact-info\">E-mail: <a href=\"mailto:info@fatihzeyrek.com\">info@fatihzeyrek.com<\/a><\/div>\t\t\t\t\t\t\t\t<\/div>\n\t\t\t\t<\/div>\n\t\t\t\t<\/div>\n\t\t<div class=\"elementor-element elementor-element-8c0a10a e-con-full e-flex kitify-col-width-auto-no ignore-docs-style-no kitify-disable-relative-no e-con e-child\" data-id=\"8c0a10a\" data-element_type=\"container\">\n\t\t\t\t<div class=\"elementor-element elementor-element-6090f25 elementor-widget elementor-widget-shortcode\" data-id=\"6090f25\" data-element_type=\"widget\" data-widget_type=\"shortcode.default\">\n\t\t\t\t<div class=\"elementor-widget-container\">\n\t\t\t\t\t\t\t<div class=\"elementor-shortcode\">\n<div class=\"wpcf7 no-js\" id=\"wpcf7-f4580-o1\" lang=\"tr-TR\" dir=\"ltr\" data-wpcf7-id=\"4580\">\n<div class=\"screen-reader-response\"><p role=\"status\" aria-live=\"polite\" aria-atomic=\"true\"><\/p> <ul><\/ul><\/div>\n<form action=\"\/en\/wp-json\/wp\/v2\/pages\/63#wpcf7-f4580-o1\" method=\"post\" class=\"wpcf7-form init\" aria-label=\"\u0130leti\u015fim Formu\" novalidate=\"novalidate\" data-status=\"init\" data-trp-original-action=\"\/en\/wp-json\/wp\/v2\/pages\/63#wpcf7-f4580-o1\">\n<fieldset class=\"hidden-fields-container\"><input type=\"hidden\" name=\"_wpcf7\" value=\"4580\" \/><input type=\"hidden\" name=\"_wpcf7_version\" value=\"6.1.4\" \/><input type=\"hidden\" name=\"_wpcf7_locale\" value=\"tr_TR\" \/><input type=\"hidden\" name=\"_wpcf7_unit_tag\" value=\"wpcf7-f4580-o1\" \/><input type=\"hidden\" name=\"_wpcf7_container_post\" value=\"0\" \/><input type=\"hidden\" name=\"_wpcf7_posted_data_hash\" value=\"\" \/>\n<\/fieldset>\n<p><label>Name - Surname *<br \/>\n<span class=\"wpcf7-form-control-wrap\" data-name=\"your-name\"><input size=\"40\" maxlength=\"400\" class=\"wpcf7-form-control wpcf7-text wpcf7-validates-as-required\" aria-required=\"true\" aria-invalid=\"false\" placeholder=\"Your Name and Surname\" value=\"\" type=\"text\" name=\"your-name\" \/><\/span><\/label>\n<\/p>\n<p><label>Telephone *<br \/>\n<span class=\"wpcf7-form-control-wrap\" data-name=\"your-phone\"><input size=\"40\" maxlength=\"400\" class=\"wpcf7-form-control wpcf7-tel wpcf7-validates-as-required wpcf7-text wpcf7-validates-as-tel\" aria-required=\"true\" aria-invalid=\"false\" placeholder=\"Your Phone Number\" value=\"\" type=\"tel\" name=\"your-phone\" \/><\/span><\/label>\n<\/p>\n<p><label>E-mail Address<br \/>\n<span class=\"wpcf7-form-control-wrap\" data-name=\"your-email\"><input size=\"40\" maxlength=\"400\" class=\"wpcf7-form-control wpcf7-email wpcf7-text wpcf7-validates-as-email\" aria-invalid=\"false\" placeholder=\"Your e-mail address (optional)\" value=\"\" type=\"email\" name=\"your-email\" \/><\/span><\/label>\n<\/p>\n<p><label>Message<br \/>\n<span class=\"wpcf7-form-control-wrap\" data-name=\"your-message\"><textarea cols=\"40\" rows=\"10\" maxlength=\"2000\" class=\"wpcf7-form-control wpcf7-textarea\" aria-invalid=\"false\" placeholder=\"Your message (optional)\" name=\"your-message\"><\/textarea><\/span><\/label>\n<\/p>\n<p><input class=\"wpcf7-form-control wpcf7-submit has-spinner\" type=\"submit\" value=\"Send\" \/>\n<\/p><input type='hidden' class='wpcf7-pum' value='{\"closepopup\":false,\"closedelay\":0,\"openpopup\":false,\"openpopup_id\":0}' \/><div class=\"wpcf7-response-output\" aria-hidden=\"true\"><\/div>\n<input type=\"hidden\" name=\"trp-form-language\" value=\"en\"\/><\/form>\n<\/div>\n<\/div>\n\t\t\t\t\t\t<\/div>\n\t\t\t\t<\/div>\n\t\t\t\t<\/div>\n\t\t\t\t\t<\/div>\n\t\t\t\t<\/div>\n\t\t\t\t<\/div>","protected":false},"excerpt":{"rendered":"<p>CONTACT Mehmet Nezih \u00d6zmen Mahallesi Nar Sokak No:16 Merter - G\u00fcng\u00f6ren - \u0130stanbul Tel: +90 212 644 98 42 Fax: +90 212 539 13 63 E-mail: info@fatihzeyrek.com<\/p>","protected":false},"author":1,"featured_media":0,"parent":0,"menu_order":0,"comment_status":"closed","ping_status":"closed","template":"elementor_header_footer","meta":{"footnotes":""},"class_list":["post-63","page","type-page","status-publish","hentry"],"_links":{"self":[{"href":"https:\/\/www.fatihzeyrek.com\/en\/wp-json\/wp\/v2\/pages\/63","targetHints":{"allow":["GET"]}}],"collection":[{"href":"https:\/\/www.fatihzeyrek.com\/en\/wp-json\/wp\/v2\/pages"}],"about":[{"href":"https:\/\/www.fatihzeyrek.com\/en\/wp-json\/wp\/v2\/types\/page"}],"author":[{"embeddable":true,"href":"https:\/\/www.fatihzeyrek.com\/en\/wp-json\/wp\/v2\/users\/1"}],"replies":[{"embeddable":true,"href":"https:\/\/www.fatihzeyrek.com\/en\/wp-json\/wp\/v2\/comments?post=63"}],"version-history":[{"count":0,"href":"https:\/\/www.fatihzeyrek.com\/en\/wp-json\/wp\/v2\/pages\/63\/revisions"}],"wp:attachment":[{"href":"https:\/\/www.fatihzeyrek.com\/en\/wp-json\/wp\/v2\/media?parent=63"}],"curies":[{"name":"wp","href":"https:\/\/api.w.org\/{rel}","templated":true}]}}